{"id":7,"date":"2018-10-29T15:20:25","date_gmt":"2018-10-29T18:20:25","guid":{"rendered":"https:\/\/chefert.com.br\/?page_id=7"},"modified":"2023-12-06T13:15:14","modified_gmt":"2023-12-06T16:15:14","slug":"about-us","status":"publish","type":"page","link":"https:\/\/acgtquimica.com.br\/pb\/about-us\/","title":{"rendered":"SOBRE"},"content":{"rendered":"<p><em><strong><img loading=\"lazy\" class=\"size-full wp-image-1408 aligncenter\" src=\"https:\/\/acgtquimica.com.br\/wp-content\/uploads\/2023\/10\/logo-acgt.png\" alt=\"\" width=\"250\" height=\"75\" \/><\/strong><\/em><\/p>\n<p>&nbsp;<\/p>\n<p>Na ideia de desenvolver uma empresa comercial ap\u00f3s uma an\u00e1lise detalhada do mercado de fertilizantes agr\u00edcolas, os fundadores da empresa viram uma oportunidade, pois possuem um profundo conhecimento de marketing, do mercado consumidor, do mercado fornecedor e de mat\u00e9rias-primas. ., bem como todo o processo produtivo desses produtos.<\/p>\n<p>&nbsp;<\/p>\n<p>A especialidade da empresa \u00e9 a importa\u00e7\u00e3o e comercializa\u00e7\u00e3o de fertilizantes s\u00f3lidos e foliares, para atender inicialmente as regi\u00f5es Sul e Sudeste do Brasil e, ap\u00f3s a consolida\u00e7\u00e3o desse mercado, expandir para outras regi\u00f5es, conforme plano estrat\u00e9gico definido.<\/p>\n<p>&nbsp;<\/p>\n<p>A <strong>ACGT QU\u00cdMICA<\/strong> como importante importadora, distribuidora e vendedora de fertilizantes, \u00e9 membro ativo da ABBART, \u201cAssocia\u00e7\u00e3o Brasileira de Barter\u201d, a sinergia entre nossa equipe de vendas de produtos b\u00e1sicos e compra de fertilizantes torna nossa empresa forte e equilibrada.<\/p>\n<p>&nbsp;<\/p>\n<p><img loading=\"lazy\" class=\"size-medium wp-image-1362 aligncenter\" src=\"https:\/\/origrains.com.br\/wp-content\/uploads\/2023\/10\/ABBART-LOGO-300x96.png\" alt=\"\" width=\"300\" height=\"96\" srcset=\"https:\/\/acgtquimica.com.br\/wp-content\/uploads\/2023\/10\/ABBART-LOGO-300x96.png 300w, https:\/\/acgtquimica.com.br\/wp-content\/uploads\/2023\/10\/ABBART-LOGO-1024x327.png 1024w, https:\/\/acgtquimica.com.br\/wp-content\/uploads\/2023\/10\/ABBART-LOGO-768x245.png 768w, https:\/\/acgtquimica.com.br\/wp-content\/uploads\/2023\/10\/ABBART-LOGO.png 1311w\" sizes=\"(max-width: 300px) 100vw, 300px\" \/><\/p>\n<p>&nbsp;<\/p>\n<p><strong>ACGT QU\u00cdMICA COMO IMPORTADORA, DISTRIBUIDORA E VENDEDORA DE FERTILIZANTES:<\/strong><\/p>\n<p>A <strong>ACGT QU\u00cdMICA<\/strong> est\u00e1 totalmente focada em importar, distribuir e vender produtos como UREA-46, KCL, MAP, SSP, TSP.<\/p>\n<p>Como parte de um grupo, nossa empresa respons\u00e1vel pela busca de commodities, a Origrains, torna a <strong>ACGT QU\u00cdMICA<\/strong> bem conectada em todos os estados produtores brasileiros<\/p>\n<p><strong>Temos como objetivo comercializar produtos e servi\u00e7os de alta performance, promover o desenvolvimento inovador e sustent\u00e1vel do agroneg\u00f3cio. Fornecemos produtos que auxiliam no desenvolvimento do solo e das plantas, aumentando a produtividade e gerando alimentos mais saud\u00e1veis.<\/strong><\/p>","protected":false},"excerpt":{"rendered":"<p>&nbsp; Na ideia de desenvolver uma empresa comercial ap\u00f3s uma an\u00e1lise detalhada do mercado de fertilizantes agr\u00edcolas, os fundadores da empresa viram uma oportunidade, pois possuem um profundo conhecimento de marketing, do mercado consumidor, do mercado fornecedor e de mat\u00e9rias-primas. ., bem como todo o processo produtivo desses produtos. &nbsp; A especialidade da empresa \u00e9 [&hellip;]<\/p>\n","protected":false},"author":5,"featured_media":1526,"parent":0,"menu_order":0,"comment_status":"closed","ping_status":"closed","template":"","meta":[],"acf":[],"_links":{"self":[{"href":"https:\/\/acgtquimica.com.br\/pb\/wp-json\/wp\/v2\/pages\/7"}],"collection":[{"href":"https:\/\/acgtquimica.com.br\/pb\/wp-json\/wp\/v2\/pages"}],"about":[{"href":"https:\/\/acgtquimica.com.br\/pb\/wp-json\/wp\/v2\/types\/page"}],"author":[{"embeddable":true,"href":"https:\/\/acgtquimica.com.br\/pb\/wp-json\/wp\/v2\/users\/5"}],"replies":[{"embeddable":true,"href":"https:\/\/acgtquimica.com.br\/pb\/wp-json\/wp\/v2\/comments?post=7"}],"version-history":[{"count":41,"href":"https:\/\/acgtquimica.com.br\/pb\/wp-json\/wp\/v2\/pages\/7\/revisions"}],"predecessor-version":[{"id":1542,"href":"https:\/\/acgtquimica.com.br\/pb\/wp-json\/wp\/v2\/pages\/7\/revisions\/1542"}],"wp:featuredmedia":[{"embeddable":true,"href":"https:\/\/acgtquimica.com.br\/pb\/wp-json\/wp\/v2\/media\/1526"}],"wp:attachment":[{"href":"https:\/\/acgtquimica.com.br\/pb\/wp-json\/wp\/v2\/media?parent=7"}],"curies":[{"name":"wp","href":"https:\/\/api.w.org\/{rel}","templated":true}]}}