{"id":47,"date":"2018-10-29T17:19:27","date_gmt":"2018-10-29T20:19:27","guid":{"rendered":"https:\/\/chefert.com.br\/?page_id=47"},"modified":"2023-10-09T14:17:51","modified_gmt":"2023-10-09T17:17:51","slug":"contact","status":"publish","type":"page","link":"https:\/\/acgtquimica.com.br\/pb\/contact\/","title":{"rendered":"CONTATO"},"content":{"rendered":"<p><\/p>\n<h2>ENTRE EM CONTATO<\/h2>\n<p>Ficou com alguma d\u00favida ou gostaria de dar uma sugest\u00e3o? Preencha o formul\u00e1rio ao lado e receba nosso retorno por e-mail.<\/p>\n<h3><\/h3>\n<p><strong>ACGT QU\u00cdMICA LTDA<\/strong><\/p>\n<p>Rodovia BR-101, Km 131, Trade Park, Cj. 802 A<\/p>\n<p>Av. Marginal Oeste, Monte Alegre, Cambori\u00fa &#8211; SC &#8211; Brasil<\/p>\n<p>CEP: 88.349-175<\/p>\n<p>E-mail: info@acgtquimica.com.br<\/p>","protected":false},"excerpt":{"rendered":"<p>ENTRE EM CONTATO Ficou com alguma d\u00favida ou gostaria de dar uma sugest\u00e3o? Preencha o formul\u00e1rio ao lado e receba nosso retorno por e-mail. ACGT QU\u00cdMICA LTDA Rodovia BR-101, Km 131, Trade Park, Cj. 802 A Av. Marginal Oeste, Monte Alegre, Cambori\u00fa &#8211; SC &#8211; Brasil CEP: 88.349-175 E-mail: info@acgtquimica.com.br<\/p>\n","protected":false},"author":5,"featured_media":0,"parent":0,"menu_order":0,"comment_status":"closed","ping_status":"closed","template":"","meta":[],"acf":[],"_links":{"self":[{"href":"https:\/\/acgtquimica.com.br\/pb\/wp-json\/wp\/v2\/pages\/47"}],"collection":[{"href":"https:\/\/acgtquimica.com.br\/pb\/wp-json\/wp\/v2\/pages"}],"about":[{"href":"https:\/\/acgtquimica.com.br\/pb\/wp-json\/wp\/v2\/types\/page"}],"author":[{"embeddable":true,"href":"https:\/\/acgtquimica.com.br\/pb\/wp-json\/wp\/v2\/users\/5"}],"replies":[{"embeddable":true,"href":"https:\/\/acgtquimica.com.br\/pb\/wp-json\/wp\/v2\/comments?post=47"}],"version-history":[{"count":43,"href":"https:\/\/acgtquimica.com.br\/pb\/wp-json\/wp\/v2\/pages\/47\/revisions"}],"predecessor-version":[{"id":1409,"href":"https:\/\/acgtquimica.com.br\/pb\/wp-json\/wp\/v2\/pages\/47\/revisions\/1409"}],"wp:attachment":[{"href":"https:\/\/acgtquimica.com.br\/pb\/wp-json\/wp\/v2\/media?parent=47"}],"curies":[{"name":"wp","href":"https:\/\/api.w.org\/{rel}","templated":true}]}}