{"id":7,"date":"2018-10-29T15:20:25","date_gmt":"2018-10-29T18:20:25","guid":{"rendered":"https:\/\/chefert.com.br\/?page_id=7"},"modified":"2023-12-06T13:15:14","modified_gmt":"2023-12-06T16:15:14","slug":"about-us","status":"publish","type":"page","link":"https:\/\/acgtquimica.com.br\/es\/about-us\/","title":{"rendered":"SOBRE"},"content":{"rendered":"<p><em><strong><img loading=\"lazy\" class=\"size-full wp-image-1408 aligncenter\" src=\"https:\/\/acgtquimica.com.br\/wp-content\/uploads\/2023\/10\/logo-acgt.png\" alt=\"\" width=\"250\" height=\"75\" \/><\/strong><\/em><\/p>\n<p>&nbsp;<\/p>\n<p>En la idea de desarrollar una empresa comercial luego de un an\u00e1lisis detallado del mercado de fertilizantes agr\u00edcolas, los fundadores de la empresa vieron una oportunidad, ya que tienen un profundo conocimiento del marketing, el mercado de consumo, el mercado de proveedores y las materias primas, as\u00ed como como todo el proceso productivo de estos productos.<\/p>\n<p>&nbsp;<\/p>\n<p>La empresa tiene como especialidad la importaci\u00f3n y comercializaci\u00f3n de fertilizantes s\u00f3lidos y foliares, para atender inicialmente las regiones Sur y Sudeste de Brasil y, tras la consolidaci\u00f3n de ese mercado, expandirse para otras regiones, seg\u00fan el plan estrat\u00e9gico definido.<\/p>\n<p>&nbsp;<\/p>\n<p><strong>ACGT QU\u00cdMICA<\/strong> como importante importador, distribuidor y vendedor de fertilizantes, es miembro activo de ABBART, \u201cAsociaci\u00f3n Brasile\u00f1a de Barter\u201d, la sinergia entre nuestro equipo de venta de productos b\u00e1sicos y compra de fertilizantes hace que nuestra empresa sea fuerte y equilibrada.<\/p>\n<p>&nbsp;<\/p>\n<p><img loading=\"lazy\" class=\"size-medium wp-image-1362 aligncenter\" src=\"https:\/\/origrains.com.br\/wp-content\/uploads\/2023\/10\/ABBART-LOGO-300x96.png\" alt=\"\" width=\"300\" height=\"96\" srcset=\"https:\/\/acgtquimica.com.br\/wp-content\/uploads\/2023\/10\/ABBART-LOGO-300x96.png 300w, https:\/\/acgtquimica.com.br\/wp-content\/uploads\/2023\/10\/ABBART-LOGO-1024x327.png 1024w, https:\/\/acgtquimica.com.br\/wp-content\/uploads\/2023\/10\/ABBART-LOGO-768x245.png 768w, https:\/\/acgtquimica.com.br\/wp-content\/uploads\/2023\/10\/ABBART-LOGO.png 1311w\" sizes=\"(max-width: 300px) 100vw, 300px\" \/><\/p>\n<p>&nbsp;<\/p>\n<p><strong>ACGT QU\u00cdMICA COMO IMPORTADORA, DISTRIBUIDORA Y VENDEDORA DE FERTILIZANTES:<\/strong><\/p>\n<p><strong>ACGT QU\u00cdMICA<\/strong> est\u00e1 totalmente enfocada a importar, distribuir y vender productos como UREA-46, KCL, MAP, SSP, TSP.<\/p>\n<p>Como parte de un grupo, nuestra empresa responsable del buscador de productos b\u00e1sicos, Origrains, hace que <strong>ACGT QU\u00cdMICA<\/strong> est\u00e9 bien conectada en todos los estados productores brasile\u00f1os.<\/p>\n<p><strong>Nuestro objetivo es vender productos y servicios de alto rendimiento, promover el desarrollo innovador y sostenible de la agroindustria. Brindamos productos que ayudan en el desarrollo del suelo y las plantas, aumentando la productividad y generando alimentos m\u00e1s saludables.<\/strong><\/p>\n<p>.<\/p>","protected":false},"excerpt":{"rendered":"<p>&nbsp; En la idea de desarrollar una empresa comercial luego de un an\u00e1lisis detallado del mercado de fertilizantes agr\u00edcolas, los fundadores de la empresa vieron una oportunidad, ya que tienen un profundo conocimiento del marketing, el mercado de consumo, el mercado de proveedores y las materias primas, as\u00ed como como todo el proceso productivo de [&hellip;]<\/p>\n","protected":false},"author":5,"featured_media":1526,"parent":0,"menu_order":0,"comment_status":"closed","ping_status":"closed","template":"","meta":[],"acf":[],"_links":{"self":[{"href":"https:\/\/acgtquimica.com.br\/es\/wp-json\/wp\/v2\/pages\/7"}],"collection":[{"href":"https:\/\/acgtquimica.com.br\/es\/wp-json\/wp\/v2\/pages"}],"about":[{"href":"https:\/\/acgtquimica.com.br\/es\/wp-json\/wp\/v2\/types\/page"}],"author":[{"embeddable":true,"href":"https:\/\/acgtquimica.com.br\/es\/wp-json\/wp\/v2\/users\/5"}],"replies":[{"embeddable":true,"href":"https:\/\/acgtquimica.com.br\/es\/wp-json\/wp\/v2\/comments?post=7"}],"version-history":[{"count":41,"href":"https:\/\/acgtquimica.com.br\/es\/wp-json\/wp\/v2\/pages\/7\/revisions"}],"predecessor-version":[{"id":1542,"href":"https:\/\/acgtquimica.com.br\/es\/wp-json\/wp\/v2\/pages\/7\/revisions\/1542"}],"wp:featuredmedia":[{"embeddable":true,"href":"https:\/\/acgtquimica.com.br\/es\/wp-json\/wp\/v2\/media\/1526"}],"wp:attachment":[{"href":"https:\/\/acgtquimica.com.br\/es\/wp-json\/wp\/v2\/media?parent=7"}],"curies":[{"name":"wp","href":"https:\/\/api.w.org\/{rel}","templated":true}]}}