{"id":1466,"date":"2023-10-10T16:25:15","date_gmt":"2023-10-10T19:25:15","guid":{"rendered":"https:\/\/boardgroup.com.br\/acgt\/?page_id=1466"},"modified":"2023-10-11T08:13:15","modified_gmt":"2023-10-11T11:13:15","slug":"commodity","status":"publish","type":"page","link":"https:\/\/acgtquimica.com.br\/es\/commodity\/","title":{"rendered":"COMMODITY"},"content":{"rendered":"<p><img loading=\"lazy\" class=\"size-medium wp-image-1471 aligncenter\" src=\"https:\/\/acgtquimica.com.br\/wp-content\/uploads\/2023\/10\/logo-300x58.jpeg\" alt=\"\" width=\"300\" height=\"58\" srcset=\"https:\/\/acgtquimica.com.br\/wp-content\/uploads\/2023\/10\/logo-300x58.jpeg 300w, https:\/\/acgtquimica.com.br\/wp-content\/uploads\/2023\/10\/logo-1024x197.jpeg 1024w, https:\/\/acgtquimica.com.br\/wp-content\/uploads\/2023\/10\/logo-768x148.jpeg 768w, https:\/\/acgtquimica.com.br\/wp-content\/uploads\/2023\/10\/logo.jpeg 1460w\" sizes=\"(max-width: 300px) 100vw, 300px\" \/><\/p>\n<p style=\"text-align: center;\"><em><strong>Origrains Agroneg\u00f3cios Ltda<\/strong><\/em><\/p>\n<p style=\"text-align: center;\">\n<p style=\"text-align: center;\">Origrains es responsable de comprar granos de los mejores or\u00edgenes brasile\u00f1os para satisfacer las demandas de nuestros clientes en todo el mundo, manteniendo as\u00ed un flujo continuo en la cadena de fertilizantes y commodities.<\/p>\n<p style=\"text-align: center;\">\n<p style=\"text-align: center;\"><a href=\"http:\/\/www.origrains.com.br\">www.origrains.com.br<\/a><\/p>\n<p><\/p>","protected":false},"excerpt":{"rendered":"<p>Origrains Agroneg\u00f3cios Ltda Origrains es responsable de comprar granos de los mejores or\u00edgenes brasile\u00f1os para satisfacer las demandas de nuestros clientes en todo el mundo, manteniendo as\u00ed un flujo continuo en la cadena de fertilizantes y commodities. www.origrains.com.br<\/p>\n","protected":false},"author":5,"featured_media":0,"parent":0,"menu_order":0,"comment_status":"closed","ping_status":"closed","template":"","meta":[],"acf":[],"_links":{"self":[{"href":"https:\/\/acgtquimica.com.br\/es\/wp-json\/wp\/v2\/pages\/1466"}],"collection":[{"href":"https:\/\/acgtquimica.com.br\/es\/wp-json\/wp\/v2\/pages"}],"about":[{"href":"https:\/\/acgtquimica.com.br\/es\/wp-json\/wp\/v2\/types\/page"}],"author":[{"embeddable":true,"href":"https:\/\/acgtquimica.com.br\/es\/wp-json\/wp\/v2\/users\/5"}],"replies":[{"embeddable":true,"href":"https:\/\/acgtquimica.com.br\/es\/wp-json\/wp\/v2\/comments?post=1466"}],"version-history":[{"count":5,"href":"https:\/\/acgtquimica.com.br\/es\/wp-json\/wp\/v2\/pages\/1466\/revisions"}],"predecessor-version":[{"id":1495,"href":"https:\/\/acgtquimica.com.br\/es\/wp-json\/wp\/v2\/pages\/1466\/revisions\/1495"}],"wp:attachment":[{"href":"https:\/\/acgtquimica.com.br\/es\/wp-json\/wp\/v2\/media?parent=1466"}],"curies":[{"name":"wp","href":"https:\/\/api.w.org\/{rel}","templated":true}]}}